


{"id":921,"date":"2022-04-11T16:29:54","date_gmt":"2022-04-11T14:29:54","guid":{"rendered":"https:\/\/www-adopnet.irisa.fr\/?page_id=921"},"modified":"2026-04-09T14:01:55","modified_gmt":"2026-04-09T12:01:55","slug":"seminars","status":"publish","type":"page","link":"https:\/\/www-adopnet.irisa.fr\/fr\/research\/seminars\/","title":{"rendered":"S\u00e9minaires"},"content":{"rendered":"<h2 class=\"wp-block-heading\">Prochains:<\/h2>\n\n\n\n<ul class=\"wp-block-list\">\n<li>Jeudi 9 Avril 2026 &#8211; <strong><strong>Ibtissem OUESLATI<\/strong><\/strong>\n<ul class=\"wp-block-list\">\n<li>Reinforcement Learning-Based Antenna and Time Adaptation Energy-Efficient Strategies in 6G Networks.<\/li>\n<\/ul>\n<\/li>\n<\/ul>\n\n\n\n<h2 class=\"wp-block-heading\">Pr\u00e9c\u00e9dents:<\/h2>\n\n\n\n<ul class=\"wp-block-list\">\n<li>Jeudi 7 Octobre 2021 \u2013 <strong>Boumhand Ahcene<\/strong><\/li>\n\n\n\n<li>Jeudi 21 Octobre 2021 \u2013 Journ\u00e9e \u201cADOPNET se pr\u00e9sente \u00e0 ADOPNET\u201d<\/li>\n\n\n\n<li>Jeudi 18 Novembre 2021 \u2013 <strong>Taghavian Masoud<\/strong>\n<ul class=\"wp-block-list\">\n<li>An Approach to Network Service Placement using Intelligent Search Strategies over Branch-and-Bound<\/li>\n<\/ul>\n<\/li>\n\n\n\n<li>Jeudi 25 Novembre 2021 \u2013 <strong>Vargas Rubio Juan Carlos<\/strong>\n<ul class=\"wp-block-list\">\n<li>Comparison of MBSFN, SC-PTM and Unicast for Mission Critical Communication<\/li>\n<\/ul>\n<\/li>\n\n\n\n<li>Jeudi 2 D\u00e9cembre 2021 \u2013 <strong>Ronteix-Jacquet Flavien<\/strong>\n<ul class=\"wp-block-list\">\n<li>Uplink Transmission and Latency and Jitter in Cellular Radio Access Networks : Rethink Buffer Status Estimation and Uplink Scheduling<\/li>\n<\/ul>\n<\/li>\n\n\n\n<li>Jeudi 16 D\u00e9cembre 2021 \u2013 <strong>Merlhe Christopher<\/strong>\n<ul class=\"wp-block-list\">\n<li>On the influence of the multiuser diversity regarding system performance, design and evaluation of resource allocation solutions<\/li>\n<\/ul>\n<\/li>\n\n\n\n<li>Jeudi 13 Janvier 2022 \u2013 <strong>Lagrange Xavier<\/strong><\/li>\n\n\n\n<li>Jeudi 27 Janvier 2022 \u2013 <strong>Alhajj Tania<\/strong>\n<ul class=\"wp-block-list\">\n<li>Low load regime indoor BS energy consumption<\/li>\n<\/ul>\n<\/li>\n\n\n\n<li>Jeudi 10 F\u00e9vrier 2022 \u2013 <strong>Perera Menuka<\/strong>\n<ul class=\"wp-block-list\">\n<li>Zero-touch management in 5G core network scaling<\/li>\n<\/ul>\n<\/li>\n\n\n\n<li>Jeudi 24 F\u00e9vrier 2022 \u2013 <strong>Lechevalier Pierre-Marie<\/strong>\n<ul class=\"wp-block-list\">\n<li>Towards secure and trustworthy function chaining in multi tenant 5G networks<\/li>\n<\/ul>\n<\/li>\n\n\n\n<li>Jeudi 10 Mars 2022 \u2013 <strong>Hamideche Sid Ali<\/strong>\n<ul class=\"wp-block-list\">\n<li>Using Context-aware Multi-Task Deep Learning to Infer User Environment in Mobile Networks<\/li>\n<\/ul>\n<\/li>\n\n\n\n<li>Jeudi 24 Mars 2022 \u2013 <strong>El Attar Zahraa<\/strong>\n<ul class=\"wp-block-list\">\n<li>5G Slice Monitoring<\/li>\n<\/ul>\n<\/li>\n\n\n\n<li>Jeudi 7 Avril 2022 \u2013 <strong>Ndao Amath<\/strong>\n<ul class=\"wp-block-list\">\n<li>Toward an agile multi-layer network beyond 5G<\/li>\n<\/ul>\n<\/li>\n\n\n\n<li>Jeudi 5 Mai 2022 \u2013 <strong>Ghodhbane Chourouk<\/strong>\n<ul class=\"wp-block-list\">\n<li>Cell-Less Cross Layer Approaches for Harsh Wireless environment<\/li>\n<\/ul>\n<\/li>\n\n\n\n<li>Jeudi 19 Mai 2022 \u2013 <strong>Traore El Hadj Mohamed<\/strong>\n<ul class=\"wp-block-list\">\n<li>Direct 5G communications between devices for Industrial IoT applications<\/li>\n<\/ul>\n<\/li>\n\n\n\n<li>Jeudi 2 Juin 2022 &#8211; <strong>Ouamri Amine Mohamed<\/strong>\n<ul class=\"wp-block-list\">\n<li>Coverage analysis of a cellular network assisted by drones and presentation of the ANR project<\/li>\n<\/ul>\n<\/li>\n\n\n\n<li>Jeudi 9 Juin 2022 &#8211; <strong>Cesar Vargas Anamuro<\/strong>\n<ul class=\"wp-block-list\">\n<li>Statistical Analysis and Characterization of Signaling and User Traffic of a Commercial Multi-band LTE System<\/li>\n<\/ul>\n<\/li>\n\n\n\n<li>Jeudi 16 Juin 2022 &#8211; <strong>Dutriez Cl\u00e9ment<\/strong>\n<ul class=\"wp-block-list\">\n<li>On energy saving in 5G RAN: Switching On\/Off micro cells<\/li>\n<\/ul>\n<\/li>\n\n\n\n<li>Jeudi 30 Juin 2022 &#8211; <strong>Matthieu Silard<\/strong>\n<ul class=\"wp-block-list\">\n<li>Interference Management with Frequency Reuse in IAB-based 5G topologies<\/li>\n<\/ul>\n<\/li>\n\n\n\n<li>Jeudi 15 Septembre 2022 &#8211; <strong>Julien Saint-Martin<\/strong>\n<ul class=\"wp-block-list\">\n<li>Available platforms and tools in SRCD lab, and 5G performance tests report synthesis<\/li>\n<\/ul>\n<\/li>\n\n\n\n<li>Jeudi 29 Septembre 2022 &#8211; <strong>Ndolane Diouf<\/strong>\n<ul class=\"wp-block-list\">\n<li>Finding Hidden Links Among Variables in a Large-Scale 4G Mobile Traffic Network Dataset Using Machine Learning<\/li>\n<\/ul>\n<\/li>\n\n\n\n<li>Jeudi 13 Octobre 2022 &#8211; <strong>Christopher Merlhe<\/strong>\n<ul class=\"wp-block-list\">\n<li>Buffer Occupancy and Link State Opportunistic Routing for Wireless Mesh Networks<\/li>\n<\/ul>\n<\/li>\n\n\n\n<li>Jeudi 17 Novembre 2022 &#8211; <strong>Menuka Perera<\/strong>\n<ul class=\"wp-block-list\">\n<li>Deep learning-based resource forecasting for 5G core network scaling in Kubernetes environment<\/li>\n<\/ul>\n<\/li>\n\n\n\n<li>Jeudi 1er D\u00e9cembre 2022 &#8211; <strong>Tania Alhajj<\/strong>\n<ul class=\"wp-block-list\">\n<li>Impact of RAN architecture on energy consumption<\/li>\n<\/ul>\n<\/li>\n\n\n\n<li>Jeudi 15 D\u00e9cembre 2022 &#8211; <strong>Amath NDAO<\/strong>\n<ul class=\"wp-block-list\">\n<li>Optimal placement of virtualized DUs in O-RAN architecture<\/li>\n<\/ul>\n<\/li>\n\n\n\n<li>Jeudi 12 Janvier 2023 &#8211; <strong>Pierre-Marie Lechevalier<\/strong><\/li>\n\n\n\n<li>Jeudi 26 Janvier 2023 &#8211; <strong>Chourouk Ghodhbane<\/strong><\/li>\n\n\n\n<li>Jeudi 9 F\u00e9vrier 2023 &#8211; <strong>Zahraa El Attar<\/strong><\/li>\n\n\n\n<li>Jeudi 9 Mars 2023 &#8211; <strong>El hadj Mohamed TRAORE<\/strong><\/li>\n\n\n\n<li>Jeudi 23 Mars 2023 &#8211; <strong>Masoud Taghavian<\/strong>\n<ul class=\"wp-block-list\">\n<li>Virtual Service Placement in 5G Networks Using AI\/ML<\/li>\n<\/ul>\n<\/li>\n\n\n\n<li>Jeudi 13 Avril 2023 &#8211; <strong>Ndolane Diouf<\/strong>\n<ul class=\"wp-block-list\">\n<li>Traffic Load Prediction and Power Consumption Reduction for Multi-Band Networks<\/li>\n<\/ul>\n<\/li>\n\n\n\n<li>Jeudi 25 Mai 2023 &#8211; <strong>Guillaume Terrier<\/strong>\n<ul class=\"wp-block-list\">\n<li>Artificial Intelligence and Scheduling in Wireless Networks<\/li>\n<\/ul>\n<\/li>\n\n\n\n<li>Jeudi 12 Octobre 2023 \u2013 <strong>Laurent Toutain<\/strong>\n<ul class=\"wp-block-list\">\n<li>LoraWan over IPv6 for IoT with SCHC<\/li>\n<\/ul>\n<\/li>\n\n\n\n<li>Jeudi 26 Octobre 2023 \u2013 <strong>Pierre-Marie Lechevalier<\/strong>\n<ul class=\"wp-block-list\">\n<li>Distributed Cross-evaluation for Reputation-aware Model Weighting in Federated Learning<\/li>\n<\/ul>\n<\/li>\n\n\n\n<li>Jeudi 9 Novembre 2023 &#8211; <strong>Gwen Maudet<\/strong>\n<ul class=\"wp-block-list\">\n<li>Exploiting Sensor Similarity to Enhance Data Collection in Massive IoT Networks<\/li>\n<\/ul>\n<\/li>\n\n\n\n<li>Jeudi 23 Novembre 2023 &#8211; <strong>Matthieu Silard<\/strong>\n<ul class=\"wp-block-list\">\n<li>Network Aware Electric Vehicle Charging on Low Voltage Grid<\/li>\n<\/ul>\n<\/li>\n\n\n\n<li>Jeudi 7 D\u00e9cembre 2023 \u2013 <strong>Awaleh HOUSSEIN<\/strong>\n<ul class=\"wp-block-list\">\n<li>SADIS: a real-time sound-based anomaly detection for industrial systems<\/li>\n<\/ul>\n<\/li>\n\n\n\n<li>Jeudi 18 Janvier 2024 \u2013 <strong>Amath NDAO<\/strong>\n<ul class=\"wp-block-list\">\n<li>Optimal DU placement in an O-RAN multi-band system<\/li>\n<\/ul>\n<\/li>\n\n\n\n<li>Jeudi 25 Janvier 2024 \u2013 <strong>Zahraa EL ATTAR<\/strong>\n<ul class=\"wp-block-list\">\n<li>R-GCN for Beyond Pairwise Training: Generalising Monitors Selection in Network Tomography<\/li>\n<\/ul>\n<\/li>\n\n\n\n<li>Jeudi 15 F\u00e9vrier 2024 \u2013 <strong>Menuka Perera<\/strong>\n<ul class=\"wp-block-list\">\n<li>AI-assisted proactive scaling solution for CNFs deployed in Kubernetes<\/li>\n<\/ul>\n<\/li>\n\n\n\n<li>Jeudi 22 F\u00e9vrier 2024 \u2013 <strong>Chourouk Ghodhbane<\/strong>\n<ul class=\"wp-block-list\">\n<li>Joint Optimization of Delay and Interference by Resource Management for IAB Networks<\/li>\n<\/ul>\n<\/li>\n\n\n\n<li>Jeudi 7 Mars 2024 &#8211; <strong>Matthieu Silard<\/strong>\n<ul class=\"wp-block-list\">\n<li>Peak shaving at Home : Charging your Electric Vehicle while taking care of the Grid<\/li>\n<\/ul>\n<\/li>\n\n\n\n<li>Jeudi 28 Mars 2024 &#8211; <strong>Nicolas Huin<\/strong>\n<ul class=\"wp-block-list\">\n<li>Virtual Multi-Topology Routing for QoS Constraints<\/li>\n<\/ul>\n<\/li>\n\n\n\n<li>Jeudi 25 Avril 2024 &#8211; <strong>Tien NGUYEN<\/strong>\n<ul class=\"wp-block-list\">\n<li>Lightweight Security for IoT Systems leveraging Moving Target Defense and Intrusion Detection<\/li>\n<\/ul>\n<\/li>\n\n\n\n<li>Jeudi 27 Juin 2024 &#8211; <strong>Guillaume Terrier<\/strong>\n<ul class=\"wp-block-list\">\n<li>Safe and Explainable Artificial Intelligence for scheduling in Wireless Networks<\/li>\n<\/ul>\n<\/li>\n\n\n\n<li>Jeudi 11 Juillet 2024 &#8211; <strong>Yassine Hadjadj-Aoul<\/strong>\n<ul class=\"wp-block-list\">\n<li>Exploring the Promises and Limitations of GNNs for Network Optimization<\/li>\n<\/ul>\n<\/li>\n\n\n\n<li>Jeudi 18 Juillet 2024 &#8211; <strong>Virgil HAMICI<\/strong>\n<ul class=\"wp-block-list\">\n<li>Leveraging Overshadowing for Time-Delay Attacks in 4G\/5G Cellular Networks: An Empirical Assessment<\/li>\n<\/ul>\n<\/li>\n\n\n\n<li>Jeudi 14 Octobre 2024 &#8211; <strong>Pierre-Marie LECHEVALIER<\/strong>\n<ul class=\"wp-block-list\">\n<li>A fuzzy reputation system for Radio Access Network sharing<\/li>\n<\/ul>\n<\/li>\n\n\n\n<li>Jeudi 24 Octobre 2024 &#8211; <strong>Matthieu SILARD<\/strong>\n<ul class=\"wp-block-list\">\n<li>Local Peak Shaving for Electric Vehicles: A ready-to-deploy Smart Charging Solution<\/li>\n<\/ul>\n<\/li>\n\n\n\n<li>Jeudi 14 Novembre 2024 &#8211; <strong>Menuka PERERA<\/strong>\n<ul class=\"wp-block-list\">\n<li>AI-Driven Zero-Touch Solutions for Resource Management in Cloud-Native 5G Networks<\/li>\n<\/ul>\n<\/li>\n\n\n\n<li>Jeudi 16 Janvier 2025 &#8211; <strong>Loutfi Nuaymi<\/strong>\n<ul class=\"wp-block-list\">\n<li>6G today, looking for 2030 and sustainability<\/li>\n<\/ul>\n<\/li>\n\n\n\n<li>Jeudi 20 Mars 2025 &#8211; <strong>Amina MOKDAD<\/strong>\n<ul class=\"wp-block-list\">\n<li>Integrating SCHC into 5G Networks: Enhancing Latency and Efficiency for IIoT Applications<\/li>\n<\/ul>\n<\/li>\n\n\n\n<li>Jeudi 24 Avril 2025 &#8211; <strong>Amath NDAO<\/strong>\n<ul class=\"wp-block-list\">\n<li>Optimizing open radio access network architecture on 5G<\/li>\n<\/ul>\n<\/li>\n\n\n\n<li>Jeudi 15 Mai 2025 &#8211; <strong>HAMICI-AUBERT Virgile<\/strong>\n<ul class=\"wp-block-list\">\n<li>Dissecting 5G New-Radio Latency: Interacting Layers and Latency-Generating Operations<\/li>\n<\/ul>\n<\/li>\n\n\n\n<li>Jeudi 22 Mai 2025 &#8211; <strong>TOUTAIN Laurent<\/strong>\n<ul class=\"wp-block-list\">\n<li>Where are the 500 000 000 IoT?<\/li>\n<\/ul>\n<\/li>\n\n\n\n<li>Jeudi 12 Juin 2025 &#8211; <strong>Lechevalier Pierre-Marie<\/strong>\n<ul class=\"wp-block-list\">\n<li>Garantie de confiance et de s\u00e9curit\u00e9 dans la composition de fonction et services r\u00e9seau distribu\u00e9s<\/li>\n<\/ul>\n<\/li>\n\n\n\n<li>Jeudi 19 Juin 2025 &#8211; <strong>Tom\u00e1s LAGOS<\/strong>\n<ul class=\"wp-block-list\">\n<li>ODeSe: Improving network efficiency with multi-path RPL<\/li>\n<\/ul>\n<\/li>\n\n\n\n<li>Jeudi 26 Juin 2025 &#8211; <strong>Chourouk GHODHBANE<\/strong>\n<ul class=\"wp-block-list\">\n<li>Cell selection and resource allocation in networks with wireless backhaul<\/li>\n<\/ul>\n<\/li>\n\n\n\n<li>Jeudi 10 Juillet 2025 &#8211; <strong>BOLDO Alexane<\/strong>\n<ul class=\"wp-block-list\">\n<li>Attaques par canaux auxiliaires sur la S-box d&rsquo;Ascon<\/li>\n<\/ul>\n<\/li>\n\n\n\n<li>Jeudi 28 Aout 2025 &#8211; <strong>Oscar URREGO RIANO &amp; Fatima BOUTAGOUAOUIN<\/strong>\n<ul class=\"wp-block-list\">\n<li>Performance of RPL networks with mobile nodes, <strong>Oscar URREGO RIANO<\/strong><\/li>\n\n\n\n<li>Low-latency cryptography to guarantee the integrity of instructions against fault injection attacks, <strong>Fatima BOUTAGOUAOUIN<\/strong><\/li>\n<\/ul>\n<\/li>\n\n\n\n<li>Jeudi 15 Janvier &#8211; <strong>Augusta Castelli<\/strong>\n<ul class=\"wp-block-list\">\n<li>On the Impact of Recent 5G\/6G BS Power Models on Energy Efficiency Studies<\/li>\n<\/ul>\n<\/li>\n\n\n\n<li>Jeudi 29 Janvier 2026 &#8211; <strong>Silard Matthieu<\/strong>\n<ul class=\"wp-block-list\">\n<li>Dynamic Incentive Signaling through Advanced Metering Infrastructure Networks<\/li>\n<\/ul>\n<\/li>\n<\/ul>\n\n\n\n<ul class=\"wp-block-list\">\n<li>Jeudi 12 F\u00e9vrier 2026 &#8211; <strong>DE SOUSA LUZ ALMEIDA<\/strong> <strong>Cec\u00edlia<\/strong>\n<ul class=\"wp-block-list\">\n<li>Energy-Efficient Orchestration and Placement of 5G Network<\/li>\n<\/ul>\n<\/li>\n\n\n\n<li>Jeudi 26 F\u00e9vrier 2026 &#8211; <strong>Xavier LAGRANGE<\/strong>\n<ul class=\"wp-block-list\">\n<li>Wireless Transmission: Back to Basics<\/li>\n<\/ul>\n<\/li>\n\n\n\n<li>Jeudi 12 Mars, <strong>Dmytro OCHKAS<\/strong>\n<ul class=\"wp-block-list\">\n<li>SI-UASN: A Sigfox-based Architecture for Extending the Lifetime of Underwater Acoustic Sensor Networks<\/li>\n<\/ul>\n<\/li>\n<\/ul>\n\n\n\n<ul class=\"wp-block-list\">\n<li>Jeudi 19 Mars 2026 &#8211; <strong>Prof. Gunes Karabulut Kurt<\/strong>\n<ul class=\"wp-block-list\">\n<li>Towards Secure and Sustainable Non-Terrestrial Networks<\/li>\n<\/ul>\n<\/li>\n<\/ul>","protected":false},"excerpt":{"rendered":"<p>Prochains: Pr\u00e9c\u00e9dents:<\/p>\n","protected":false},"author":1199,"featured_media":0,"parent":18,"menu_order":0,"comment_status":"closed","ping_status":"closed","template":"","meta":{"footnotes":""},"class_list":["post-921","page","type-page","status-publish","hentry","nodate","item-wrap"],"_links":{"self":[{"href":"https:\/\/www-adopnet.irisa.fr\/fr\/wp-json\/wp\/v2\/pages\/921","targetHints":{"allow":["GET"]}}],"collection":[{"href":"https:\/\/www-adopnet.irisa.fr\/fr\/wp-json\/wp\/v2\/pages"}],"about":[{"href":"https:\/\/www-adopnet.irisa.fr\/fr\/wp-json\/wp\/v2\/types\/page"}],"author":[{"embeddable":true,"href":"https:\/\/www-adopnet.irisa.fr\/fr\/wp-json\/wp\/v2\/users\/1199"}],"replies":[{"embeddable":true,"href":"https:\/\/www-adopnet.irisa.fr\/fr\/wp-json\/wp\/v2\/comments?post=921"}],"version-history":[{"count":136,"href":"https:\/\/www-adopnet.irisa.fr\/fr\/wp-json\/wp\/v2\/pages\/921\/revisions"}],"predecessor-version":[{"id":1422,"href":"https:\/\/www-adopnet.irisa.fr\/fr\/wp-json\/wp\/v2\/pages\/921\/revisions\/1422"}],"up":[{"embeddable":true,"href":"https:\/\/www-adopnet.irisa.fr\/fr\/wp-json\/wp\/v2\/pages\/18"}],"wp:attachment":[{"href":"https:\/\/www-adopnet.irisa.fr\/fr\/wp-json\/wp\/v2\/media?parent=921"}],"curies":[{"name":"wp","href":"https:\/\/api.w.org\/{rel}","templated":true}]}}