


{"id":592,"date":"2018-04-16T14:32:07","date_gmt":"2018-04-16T12:32:07","guid":{"rendered":"https:\/\/www-adopnet.irisa.fr\/?page_id=592"},"modified":"2024-06-17T09:30:19","modified_gmt":"2024-06-17T07:30:19","slug":"research-axis","status":"publish","type":"page","link":"https:\/\/www-adopnet.irisa.fr\/fr\/presentation\/research-axis\/","title":{"rendered":"Axes de recherche"},"content":{"rendered":"<p>L&rsquo;\u00e9quipe a 2 axes principaux de recherche :<\/p>\n<ul>\n<li>Contr\u00f4le des r\u00e9seaux d&rsquo;acc\u00e8s radios<\/li>\n<li>Contr\u00f4le des r\u00e9seaux de bordure (edge network)<\/li>\n<\/ul>\n<p><\/p>","protected":false},"excerpt":{"rendered":"<p>D\u00e9sol\u00e9, cet article est seulement disponible en English.<\/p><p><a class=\"more-link btn\" href=\"https:\/\/www-adopnet.irisa.fr\/fr\/presentation\/research-axis\/\">Lire la suite<\/a><\/p>\n","protected":false},"author":1506,"featured_media":0,"parent":13,"menu_order":0,"comment_status":"closed","ping_status":"closed","template":"","meta":{"footnotes":""},"class_list":["post-592","page","type-page","status-publish","hentry","nodate","item-wrap"],"_links":{"self":[{"href":"https:\/\/www-adopnet.irisa.fr\/fr\/wp-json\/wp\/v2\/pages\/592","targetHints":{"allow":["GET"]}}],"collection":[{"href":"https:\/\/www-adopnet.irisa.fr\/fr\/wp-json\/wp\/v2\/pages"}],"about":[{"href":"https:\/\/www-adopnet.irisa.fr\/fr\/wp-json\/wp\/v2\/types\/page"}],"author":[{"embeddable":true,"href":"https:\/\/www-adopnet.irisa.fr\/fr\/wp-json\/wp\/v2\/users\/1506"}],"replies":[{"embeddable":true,"href":"https:\/\/www-adopnet.irisa.fr\/fr\/wp-json\/wp\/v2\/comments?post=592"}],"version-history":[{"count":13,"href":"https:\/\/www-adopnet.irisa.fr\/fr\/wp-json\/wp\/v2\/pages\/592\/revisions"}],"predecessor-version":[{"id":1192,"href":"https:\/\/www-adopnet.irisa.fr\/fr\/wp-json\/wp\/v2\/pages\/592\/revisions\/1192"}],"up":[{"embeddable":true,"href":"https:\/\/www-adopnet.irisa.fr\/fr\/wp-json\/wp\/v2\/pages\/13"}],"wp:attachment":[{"href":"https:\/\/www-adopnet.irisa.fr\/fr\/wp-json\/wp\/v2\/media?parent=592"}],"curies":[{"name":"wp","href":"https:\/\/api.w.org\/{rel}","templated":true}]}}