


{"id":580,"date":"2018-04-16T13:44:33","date_gmt":"2018-04-16T11:44:33","guid":{"rendered":"https:\/\/www-adopnet.irisa.fr\/?page_id=580"},"modified":"2025-05-23T14:44:52","modified_gmt":"2025-05-23T12:44:52","slug":"activity-reports","status":"publish","type":"page","link":"https:\/\/www-adopnet.irisa.fr\/fr\/research\/activity-reports\/","title":{"rendered":"Rapports d&rsquo;activit\u00e9s"},"content":{"rendered":"Adopnet a \u00e9t\u00e9 cr\u00e9\u00e9 en 2015. Les rapports d&rsquo;activit\u00e9 (en anglais) peuvent \u00eatre t\u00e9l\u00e9charg\u00e9s :\n<ul>\n \t<li><a href=\"https:\/\/www.irisa.fr\/sites\/default\/files\/RA\/ADOPNET-RA-2024.pdf\">Rapport d&rsquo;activit\u00e9 Adopnet 2024<\/a><\/li>\n \t<li><a href=\"https:\/\/www.irisa.fr\/sites\/default\/files\/RA\/ADOPNET-RA-2023.pdf\">Rapport d&rsquo;activit\u00e9 Adopnet 2023<\/a><\/li>\n \t<li><a href=\"https:\/\/www.irisa.fr\/sites\/default\/files\/RA\/ADOPNET-RA-2022.pdf\">Rapport d&rsquo;activit\u00e9 Adopnet 2022<\/a><\/li>\n \t<li><a href=\"https:\/\/www.irisa.fr\/sites\/default\/files\/RA\/adopnet2021.pdf\">2021 Adopnet report<\/a><\/li>\n \t<li><a href=\"https:\/\/www.irisa.fr\/sites\/default\/files\/RA\/adopnet2020.pdf\">2020 Adopnet report<\/a><\/li>\n \t<li><a href=\"https:\/\/www.irisa.fr\/RA\/D2\/ADOPNET\/adopnet2019.pdf\">2019 Adopnet report<\/a><\/li>\n \t<li>2018 <a href=\"https:\/\/www.irisa.fr\/RA\/D2\/ADOPNET\/adopnet2018.pdf\">Adopnet report<\/a><\/li>\n \t<li><a href=\"http:\/\/www.irisa.fr\/RA\/D2\/ADOPNET\/adopnet2017.pdf\">2017 Adopnet report<\/a><\/li>\n \t<li><a href=\"http:\/\/www.irisa.fr\/RA\/D2\/ADOPNET\/adopnet2016.pdf\">2016 Adopnet report<\/a><\/li>\n \t<li><a href=\"https:\/\/www.irisa.fr\/sites\/default\/files\/RA\/adopnet2015.pdf\">2015 Adopnet report<\/a>.<\/li>\n<\/ul>","protected":false},"excerpt":{"rendered":"<p>Adopnet a \u00e9t\u00e9 cr\u00e9\u00e9 en 2015. Les rapports d&rsquo;activit\u00e9 (en anglais) peuvent \u00eatre t\u00e9l\u00e9charg\u00e9s : Rapport d&rsquo;activit\u00e9 Adopnet 2024 Rapport d&rsquo;activit\u00e9 Adopnet 2023 Rapport d&rsquo;activit\u00e9 Adopnet 2022 2021 Adopnet report 2020 Adopnet report 2019 Adopnet report 2018 Adopnet report 2017 Adopnet report 2016 Adopnet report 2015 Adopnet report.<\/p>\n","protected":false},"author":1501,"featured_media":0,"parent":18,"menu_order":0,"comment_status":"closed","ping_status":"closed","template":"","meta":{"footnotes":""},"class_list":["post-580","page","type-page","status-publish","hentry","nodate","item-wrap"],"_links":{"self":[{"href":"https:\/\/www-adopnet.irisa.fr\/fr\/wp-json\/wp\/v2\/pages\/580","targetHints":{"allow":["GET"]}}],"collection":[{"href":"https:\/\/www-adopnet.irisa.fr\/fr\/wp-json\/wp\/v2\/pages"}],"about":[{"href":"https:\/\/www-adopnet.irisa.fr\/fr\/wp-json\/wp\/v2\/types\/page"}],"author":[{"embeddable":true,"href":"https:\/\/www-adopnet.irisa.fr\/fr\/wp-json\/wp\/v2\/users\/1501"}],"replies":[{"embeddable":true,"href":"https:\/\/www-adopnet.irisa.fr\/fr\/wp-json\/wp\/v2\/comments?post=580"}],"version-history":[{"count":18,"href":"https:\/\/www-adopnet.irisa.fr\/fr\/wp-json\/wp\/v2\/pages\/580\/revisions"}],"predecessor-version":[{"id":1348,"href":"https:\/\/www-adopnet.irisa.fr\/fr\/wp-json\/wp\/v2\/pages\/580\/revisions\/1348"}],"up":[{"embeddable":true,"href":"https:\/\/www-adopnet.irisa.fr\/fr\/wp-json\/wp\/v2\/pages\/18"}],"wp:attachment":[{"href":"https:\/\/www-adopnet.irisa.fr\/fr\/wp-json\/wp\/v2\/media?parent=580"}],"curies":[{"name":"wp","href":"https:\/\/api.w.org\/{rel}","templated":true}]}}