


{"id":4,"date":"2011-07-21T07:09:18","date_gmt":"2011-07-21T07:09:18","guid":{"rendered":"http:\/\/team.inria.fr\/template1\/?page_id=4"},"modified":"2024-06-17T09:47:32","modified_gmt":"2024-06-17T07:47:32","slug":"contact","status":"publish","type":"page","link":"https:\/\/www-adopnet.irisa.fr\/fr\/presentation\/contact\/","title":{"rendered":"Contacts"},"content":{"rendered":"<p><\/p>\n<h2>Adresse<\/h2>\n<h2>Chef de Projet<\/h2>\n<blockquote><p>nom: Xavier Lagrange<br \/>\nm\u00e9l: prenom.nom@irisa.fr<\/p><\/blockquote>\n<h2>Assistantes<\/h2>\n<blockquote><p>nom :\u00a0 Sandrine Frouin (IMT-A\/SRCD), H\u00e9l\u00e8ne de la Ru\u00e9e (INRIA)<br \/>\nm\u00e9l : prenom.nom@irisa.fr<\/p><\/blockquote>\n<p><\/p>","protected":false},"excerpt":{"rendered":"<p>Adresse Chef de Projet nom: Xavier Lagrange m\u00e9l: prenom.nom@irisa.fr Assistantes nom :\u00a0 Sandrine Frouin (IMT-A\/SRCD), H\u00e9l\u00e8ne de la Ru\u00e9e (INRIA) m\u00e9l : prenom.nom@irisa.fr<\/p>\n","protected":false},"author":1,"featured_media":0,"parent":13,"menu_order":0,"comment_status":"closed","ping_status":"open","template":"","meta":{"footnotes":""},"class_list":["post-4","page","type-page","status-publish","hentry","nodate","item-wrap"],"_links":{"self":[{"href":"https:\/\/www-adopnet.irisa.fr\/fr\/wp-json\/wp\/v2\/pages\/4","targetHints":{"allow":["GET"]}}],"collection":[{"href":"https:\/\/www-adopnet.irisa.fr\/fr\/wp-json\/wp\/v2\/pages"}],"about":[{"href":"https:\/\/www-adopnet.irisa.fr\/fr\/wp-json\/wp\/v2\/types\/page"}],"author":[{"embeddable":true,"href":"https:\/\/www-adopnet.irisa.fr\/fr\/wp-json\/wp\/v2\/users\/1"}],"replies":[{"embeddable":true,"href":"https:\/\/www-adopnet.irisa.fr\/fr\/wp-json\/wp\/v2\/comments?post=4"}],"version-history":[{"count":10,"href":"https:\/\/www-adopnet.irisa.fr\/fr\/wp-json\/wp\/v2\/pages\/4\/revisions"}],"predecessor-version":[{"id":1205,"href":"https:\/\/www-adopnet.irisa.fr\/fr\/wp-json\/wp\/v2\/pages\/4\/revisions\/1205"}],"up":[{"embeddable":true,"href":"https:\/\/www-adopnet.irisa.fr\/fr\/wp-json\/wp\/v2\/pages\/13"}],"wp:attachment":[{"href":"https:\/\/www-adopnet.irisa.fr\/fr\/wp-json\/wp\/v2\/media?parent=4"}],"curies":[{"name":"wp","href":"https:\/\/api.w.org\/{rel}","templated":true}]}}