


{"id":22,"date":"2011-07-21T07:18:23","date_gmt":"2011-07-21T07:18:23","guid":{"rendered":"http:\/\/team.inria.fr\/template1\/?page_id=22"},"modified":"2026-04-09T13:49:09","modified_gmt":"2026-04-09T11:49:09","slug":"team-members","status":"publish","type":"page","link":"https:\/\/www-adopnet.irisa.fr\/fr\/presentation\/team-members\/","title":{"rendered":"Team Members"},"content":{"rendered":"<p><!-- No reports of activity was found for this team.--><\/p>\n<h2>Permanents<\/h2>\n<ul>\n<li><a href=\"https:\/\/www.imt-atlantique.fr\/fr\/personne\/xavier-lagrange\">Xavier Lagrange<\/a>, professeur (HDR), IMT Atlantique\u00a0 (leader)<\/li>\n<li><a href=\"https:\/\/www.imt-atlantique.fr\/fr\/personne\/alberto-blanc\">Alberto Blanc<\/a>, ma\u00eetre de conf\u00e9rences, IMT Atlantique<\/li>\n<li>C\u00e9dric Gueguen, ma\u00eetre de conf\u00e9rences, UR1<\/li>\n<li><a href=\"https:\/\/www.imt-atlantique.fr\/fr\/personne\/nicolas-huin\">Nicolas Huin<\/a>, ma\u00eetre de conf\u00e9rences, IMT Atlantique<\/li>\n<li><a href=\"https:\/\/www.imt-atlantique.fr\/fr\/personne\/loutfi-nuaymi\">Loutfi Nuaymi<\/a>, professeur (HDR), IMT Atlantique<\/li>\n<li><a href=\"https:\/\/www.imt-atlantique.fr\/fr\/personne\/geraldine-texier\">G\u00e9raldine Texier<\/a>, professeur (HDR), IMT Atlantique<\/li>\n<\/ul>\n<h2>Assistantes<\/h2>\n<ul>\n<li>Sandrine Frouin, IMT Atlantique\u00a0 (\u00e0 temps partiel)<\/li>\n<li>H\u00e9l\u00e8ne de la Ru\u00e9e, Inria (\u00e0 temps partiel)<\/li>\n<\/ul>\n<h2>Ing\u00e9nieurs<\/h2>\n<ul>\n<li>Julien Saint-Martin, IMT Atlantique<\/li>\n<\/ul>\n<h2>Post-Doc<\/h2>\n<ul>\n<li>Ibtissem Oueslati, IMT Atlantique<\/li>\n<\/ul>\n<h2>Doctorants<\/h2>\n<p>Les directeurs et encadrants de l&rsquo;\u00e9quipe de permanents sont indiqu\u00e9s entre parenth\u00e8ses<\/p>\n<ul>\n<li>Cec\u00edlia De Sousa Luz Almeida, IMT Atlantique, since oct 2025 (G. Texier, N. Huin)<\/li>\n<li>Nicolas Marrot, Orange\/IMT Atlantique, depuis oct 2024 (L. Nuaymi)<\/li>\n<li>Amina Mokdad, IMT Atlantique, depuis nov 2023 (X. Lagrange, L. Toutain, A. Pelov)<\/li>\n<li>Guillaume Terrier, UR 1, since jan 2023 (C. Gueguen)<\/li>\n<\/ul>\n<p><\/p>","protected":false},"excerpt":{"rendered":"<p>Permanents Xavier Lagrange, professeur (HDR), IMT Atlantique\u00a0 (leader) Alberto Blanc, ma\u00eetre de conf\u00e9rences, IMT Atlantique C\u00e9dric Gueguen, ma\u00eetre de conf\u00e9rences, UR1 Nicolas Huin, ma\u00eetre de conf\u00e9rences, IMT Atlantique Loutfi Nuaymi, professeur (HDR), IMT Atlantique G\u00e9raldine Texier, professeur (HDR), IMT Atlantique Assistantes Sandrine Frouin, IMT Atlantique\u00a0 (\u00e0 temps partiel) H\u00e9l\u00e8ne de la Ru\u00e9e, Inria (\u00e0 temps &hellip; <\/p>\n<p><a class=\"more-link btn\" href=\"https:\/\/www-adopnet.irisa.fr\/fr\/presentation\/team-members\/\">Lire la suite<\/a><\/p>\n","protected":false},"author":1,"featured_media":0,"parent":13,"menu_order":0,"comment_status":"closed","ping_status":"open","template":"","meta":{"footnotes":""},"class_list":["post-22","page","type-page","status-publish","hentry","nodate","item-wrap"],"_links":{"self":[{"href":"https:\/\/www-adopnet.irisa.fr\/fr\/wp-json\/wp\/v2\/pages\/22","targetHints":{"allow":["GET"]}}],"collection":[{"href":"https:\/\/www-adopnet.irisa.fr\/fr\/wp-json\/wp\/v2\/pages"}],"about":[{"href":"https:\/\/www-adopnet.irisa.fr\/fr\/wp-json\/wp\/v2\/types\/page"}],"author":[{"embeddable":true,"href":"https:\/\/www-adopnet.irisa.fr\/fr\/wp-json\/wp\/v2\/users\/1"}],"replies":[{"embeddable":true,"href":"https:\/\/www-adopnet.irisa.fr\/fr\/wp-json\/wp\/v2\/comments?post=22"}],"version-history":[{"count":142,"href":"https:\/\/www-adopnet.irisa.fr\/fr\/wp-json\/wp\/v2\/pages\/22\/revisions"}],"predecessor-version":[{"id":1417,"href":"https:\/\/www-adopnet.irisa.fr\/fr\/wp-json\/wp\/v2\/pages\/22\/revisions\/1417"}],"up":[{"embeddable":true,"href":"https:\/\/www-adopnet.irisa.fr\/fr\/wp-json\/wp\/v2\/pages\/13"}],"wp:attachment":[{"href":"https:\/\/www-adopnet.irisa.fr\/fr\/wp-json\/wp\/v2\/media?parent=22"}],"curies":[{"name":"wp","href":"https:\/\/api.w.org\/{rel}","templated":true}]}}