


{"id":18,"date":"2011-07-21T07:17:33","date_gmt":"2011-07-21T07:17:33","guid":{"rendered":"http:\/\/team.inria.fr\/template1\/?page_id=18"},"modified":"2018-04-16T17:45:46","modified_gmt":"2018-04-16T15:45:46","slug":"research","status":"publish","type":"page","link":"https:\/\/www-adopnet.irisa.fr\/fr\/research\/","title":{"rendered":"Recherche"},"content":{"rendered":"<p>ADOPNET (Advanced Technologies for Operated Networks) a \u00e9t\u00e9 cr\u00e9\u00e9 en 2015. L&rsquo;\u00e9quipe contribue \u00e0 l\u2019\u00e9laboration d\u2019architectures, de protocoles, de m\u00e9canismes de contr\u00f4le et de m\u00e9canismes de m\u00e9trologie pour les r\u00e9seaux de prochaine g\u00e9n\u00e9ration. Notre objectif est de construire des r\u00e9seaux qui sont souples, adaptables, \u00e9conomes en \u00e9nergie, s\u00fbrs et aptes \u00e0 fournir du contenu sur une grande \u00e9chelle \u00e0 des types tr\u00e8s vari\u00e9s de terminaux. ADOPNET traite, en particulier, de la convergence des r\u00e9seaux d\u2019acc\u00e8s, de la combinaison des technologies radios et optiques et des m\u00e9canismes adaptatifs de diffusion de contenu.<\/p>\n<p>Vous pouvez acc\u00e9der<\/p>\n<ul>\n<li>aux <a href=\"https:\/\/www-adopnet.irisa.fr\/fr\/research\/activity-reports\/\">rapports <\/a>annuels d&rsquo;activit\u00e9<\/li>\n<li>\u00e0 la liste des <a href=\"https:\/\/www-adopnet.irisa.fr\/research\/publications\/\">publications <\/a>d&rsquo;Adopnet<\/li>\n<\/ul>\n<p><\/p>","protected":false},"excerpt":{"rendered":"<p>ADOPNET (Advanced Technologies for Operated Networks) a \u00e9t\u00e9 cr\u00e9\u00e9 en 2015. L&rsquo;\u00e9quipe contribue \u00e0 l\u2019\u00e9laboration d\u2019architectures, de protocoles, de m\u00e9canismes de contr\u00f4le et de m\u00e9canismes de m\u00e9trologie pour les r\u00e9seaux de prochaine g\u00e9n\u00e9ration. Notre objectif est de construire des r\u00e9seaux qui sont souples, adaptables, \u00e9conomes en \u00e9nergie, s\u00fbrs et aptes \u00e0 fournir du contenu sur &hellip; <\/p>\n<p><a class=\"more-link btn\" href=\"https:\/\/www-adopnet.irisa.fr\/fr\/research\/\">Lire la suite<\/a><\/p>\n","protected":false},"author":1,"featured_media":0,"parent":0,"menu_order":0,"comment_status":"closed","ping_status":"open","template":"","meta":{"footnotes":""},"class_list":["post-18","page","type-page","status-publish","hentry","nodate","item-wrap"],"_links":{"self":[{"href":"https:\/\/www-adopnet.irisa.fr\/fr\/wp-json\/wp\/v2\/pages\/18","targetHints":{"allow":["GET"]}}],"collection":[{"href":"https:\/\/www-adopnet.irisa.fr\/fr\/wp-json\/wp\/v2\/pages"}],"about":[{"href":"https:\/\/www-adopnet.irisa.fr\/fr\/wp-json\/wp\/v2\/types\/page"}],"author":[{"embeddable":true,"href":"https:\/\/www-adopnet.irisa.fr\/fr\/wp-json\/wp\/v2\/users\/1"}],"replies":[{"embeddable":true,"href":"https:\/\/www-adopnet.irisa.fr\/fr\/wp-json\/wp\/v2\/comments?post=18"}],"version-history":[{"count":31,"href":"https:\/\/www-adopnet.irisa.fr\/fr\/wp-json\/wp\/v2\/pages\/18\/revisions"}],"predecessor-version":[{"id":621,"href":"https:\/\/www-adopnet.irisa.fr\/fr\/wp-json\/wp\/v2\/pages\/18\/revisions\/621"}],"wp:attachment":[{"href":"https:\/\/www-adopnet.irisa.fr\/fr\/wp-json\/wp\/v2\/media?parent=18"}],"curies":[{"name":"wp","href":"https:\/\/api.w.org\/{rel}","templated":true}]}}